{"id":1654,"date":"2020-02-16T21:22:24","date_gmt":"2020-02-16T21:22:24","guid":{"rendered":"https:\/\/logement.emploi-logement.com\/privacy-policy-2\/"},"modified":"2020-05-09T00:52:12","modified_gmt":"2020-05-09T00:52:12","slug":"privacy-policy-2","status":"publish","type":"page","link":"https:\/\/logement.emploi-logement.com\/en\/privacy-policy-2\/","title":{"rendered":"Politique de confidentialit\u00e9"},"content":{"rendered":"<p><\/p>\n\n\n\n<pre class=\"wp-block-preformatted\">Qui nous sommes\n\nL'adresse de notre site Web est: http:\/\/www.logement.emploi-logement.com\nQuelles donn\u00e9es personnelles nous collectons et pourquoi nous les collectons\ncommentaires\n\nLorsque les visiteurs laissent des commentaires sur le site, nous collectons les donn\u00e9es indiqu\u00e9es dans le formulaire d'inscription.\n\nUne cha\u00eene anonymis\u00e9e cr\u00e9\u00e9e \u00e0 partir de votre adresse e-mail (\u00e9galement appel\u00e9e hachage) peut \u00eatre fournie au service Gravatar pour voir si vous l'utilisez. Apr\u00e8s approbation de votre commentaire, votre photo de profil est visible au public dans le cadre de votre commentaire.\nM\u00e9dias\n\nSi vous t\u00e9l\u00e9chargez des images sur le site Web, vous devez \u00e9viter de t\u00e9l\u00e9charger des images avec des donn\u00e9es de localisation int\u00e9gr\u00e9es (EXIF GPS) incluses. Les visiteurs du site Web peuvent t\u00e9l\u00e9charger et extraire toutes les donn\u00e9es de localisation des images sur le site Web.\nFormulaires de contact\nContenu int\u00e9gr\u00e9 provenant d'autres sites Web\n\nLes articles de ce site peuvent inclure du contenu int\u00e9gr\u00e9 (par exemple, des vid\u00e9os, des images, des articles, etc.). Le contenu int\u00e9gr\u00e9 provenant d'autres sites Web se comporte exactement de la m\u00eame mani\u00e8re que si le visiteur avait visit\u00e9 l'autre site Web.\n\nCes sites Web peuvent collecter des donn\u00e9es sur vous, utiliser des cookies, int\u00e9grer un suivi tiers suppl\u00e9mentaire et surveiller votre interaction avec ce contenu int\u00e9gr\u00e9, y compris le suivi de votre interaction avec le contenu int\u00e9gr\u00e9 si vous avez un compte et \u00eates connect\u00e9 \u00e0 ce site Web.\nAnalytique\nAvec qui partageons-nous vos donn\u00e9es\nCombien de temps nous conservons vos donn\u00e9es\n\nPour les utilisateurs qui s'inscrivent sur notre site Web (le cas \u00e9ch\u00e9ant), nous stockons \u00e9galement les informations personnelles qu'ils fournissent dans leur profil d'utilisateur. Tous les utilisateurs peuvent voir, modifier ou supprimer leurs informations personnelles \u00e0 tout moment (sauf qu'ils ne peuvent pas changer leur nom d'utilisateur). Les administrateurs de sites Web peuvent \u00e9galement voir et modifier ces informations.\nQuels droits vous avez sur vos donn\u00e9es\n\nSi vous avez un compte sur ce site, ou avez laiss\u00e9 des commentaires, vous pouvez demander \u00e0 recevoir un fichier export\u00e9 des donn\u00e9es personnelles que nous d\u00e9tenons \u00e0 votre sujet, y compris toutes les donn\u00e9es que vous nous avez fournies. Vous pouvez \u00e9galement demander que nous effacions toutes les donn\u00e9es personnelles que nous d\u00e9tenons \u00e0 votre sujet. Cela n'inclut pas les donn\u00e9es que nous sommes oblig\u00e9s de conserver \u00e0 des fins administratives, juridiques ou de s\u00e9curit\u00e9.<\/pre>\n\n\n\n<figure class=\"wp-block-image\"><img decoding=\"async\" loading=\"lazy\" width=\"20\" height=\"20\" src=\"https:\/\/logement.emploi-logement.com\/wp-content\/uploads\/2020\/05\/image.png\" alt=\"\" class=\"wp-image-1771\"\/><\/figure>","protected":false},"excerpt":{"rendered":"<p>Qui nous sommes L&rsquo;adresse de notre site Web est: http:\/\/www.logement.emploi-logement.com Quelles donn\u00e9es personnelles nous collectons et pourquoi nous les collectons commentaires Lorsque les visiteurs laissent des commentaires sur le site,&#8230;<\/p>","protected":false},"author":4,"featured_media":0,"parent":0,"menu_order":0,"comment_status":"closed","ping_status":"closed","template":"","meta":{"amp_status":""},"yoast_head":"<!-- This site is optimized with the Yoast SEO Premium plugin v20.9 (Yoast SEO v20.9) - https:\/\/yoast.com\/wordpress\/plugins\/seo\/ -->\n<title>Politique de confidentialit\u00e9 - Un logement, un emploi et une formation en une seule fois<\/title>\n<meta name=\"robots\" content=\"index, follow, max-snippet:-1, max-image-preview:large, max-video-preview:-1\" \/>\n<link rel=\"canonical\" href=\"https:\/\/logement.emploi-logement.com\/privacy-policy-2\/\" \/>\n<meta property=\"og:locale\" content=\"en_GB\" \/>\n<meta property=\"og:type\" content=\"article\" \/>\n<meta property=\"og:title\" content=\"Politique de confidentialit\u00e9\" \/>\n<meta property=\"og:description\" content=\"Qui nous sommes L&#039;adresse de notre site Web est: http:\/\/www.logement.emploi-logement.com Quelles donn\u00e9es personnelles nous collectons et pourquoi nous les collectons commentaires Lorsque les visiteurs laissent des commentaires sur le site,...\" \/>\n<meta property=\"og:url\" content=\"https:\/\/logement.emploi-logement.com\/privacy-policy-2\/\" \/>\n<meta property=\"og:site_name\" content=\"Un logement, un emploi et une formation en une seule fois\" \/>\n<meta property=\"article:modified_time\" content=\"2020-05-09T00:52:12+00:00\" \/>\n<meta property=\"og:image\" content=\"https:\/\/logement.emploi-logement.com\/wp-content\/uploads\/2020\/05\/image.png\" \/>\n<meta name=\"twitter:card\" content=\"summary_large_image\" \/>\n<meta name=\"twitter:label1\" content=\"Estimated reading time\" \/>\n\t<meta name=\"twitter:data1\" content=\"2 minutes\" \/>\n<script type=\"application\/ld+json\" class=\"yoast-schema-graph\">{\"@context\":\"https:\/\/schema.org\",\"@graph\":[{\"@type\":\"WebPage\",\"@id\":\"https:\/\/logement.emploi-logement.com\/privacy-policy-2\/\",\"url\":\"https:\/\/logement.emploi-logement.com\/privacy-policy-2\/\",\"name\":\"Politique de confidentialit\u00e9 - Un logement, un emploi et une formation en une seule fois\",\"isPartOf\":{\"@id\":\"https:\/\/logement.emploi-logement.com\/#website\"},\"datePublished\":\"2020-02-16T21:22:24+00:00\",\"dateModified\":\"2020-05-09T00:52:12+00:00\",\"breadcrumb\":{\"@id\":\"https:\/\/logement.emploi-logement.com\/privacy-policy-2\/#breadcrumb\"},\"inLanguage\":\"en-GB\",\"potentialAction\":[{\"@type\":\"ReadAction\",\"target\":[\"https:\/\/logement.emploi-logement.com\/privacy-policy-2\/\"]}]},{\"@type\":\"BreadcrumbList\",\"@id\":\"https:\/\/logement.emploi-logement.com\/privacy-policy-2\/#breadcrumb\",\"itemListElement\":[{\"@type\":\"ListItem\",\"position\":1,\"name\":\"Accueil\",\"item\":\"https:\/\/logement.emploi-logement.com\/\"},{\"@type\":\"ListItem\",\"position\":2,\"name\":\"Politique de confidentialit\u00e9\"}]},{\"@type\":\"WebSite\",\"@id\":\"https:\/\/logement.emploi-logement.com\/#website\",\"url\":\"https:\/\/logement.emploi-logement.com\/\",\"name\":\"Un logement, un emploi et une formation en une seule fois\",\"description\":\"Trouvez votre logement\",\"potentialAction\":[{\"@type\":\"SearchAction\",\"target\":{\"@type\":\"EntryPoint\",\"urlTemplate\":\"https:\/\/logement.emploi-logement.com\/?s={search_term_string}\"},\"query-input\":\"required name=search_term_string\"}],\"inLanguage\":\"en-GB\"}]}<\/script>\n<!-- \/ Yoast SEO Premium plugin. -->","yoast_head_json":{"title":"Politique de confidentialit\u00e9 - Un logement, un emploi et une formation en une seule fois","robots":{"index":"index","follow":"follow","max-snippet":"max-snippet:-1","max-image-preview":"max-image-preview:large","max-video-preview":"max-video-preview:-1"},"canonical":"https:\/\/logement.emploi-logement.com\/privacy-policy-2\/","og_locale":"en_GB","og_type":"article","og_title":"Politique de confidentialit\u00e9","og_description":"Qui nous sommes L'adresse de notre site Web est: http:\/\/www.logement.emploi-logement.com Quelles donn\u00e9es personnelles nous collectons et pourquoi nous les collectons commentaires Lorsque les visiteurs laissent des commentaires sur le site,...","og_url":"https:\/\/logement.emploi-logement.com\/privacy-policy-2\/","og_site_name":"Un logement, un emploi et une formation en une seule fois","article_modified_time":"2020-05-09T00:52:12+00:00","og_image":[{"url":"https:\/\/logement.emploi-logement.com\/wp-content\/uploads\/2020\/05\/image.png"}],"twitter_card":"summary_large_image","twitter_misc":{"Estimated reading time":"2 minutes"},"schema":{"@context":"https:\/\/schema.org","@graph":[{"@type":"WebPage","@id":"https:\/\/logement.emploi-logement.com\/privacy-policy-2\/","url":"https:\/\/logement.emploi-logement.com\/privacy-policy-2\/","name":"Politique de confidentialit\u00e9 - Un logement, un emploi et une formation en une seule fois","isPartOf":{"@id":"https:\/\/logement.emploi-logement.com\/#website"},"datePublished":"2020-02-16T21:22:24+00:00","dateModified":"2020-05-09T00:52:12+00:00","breadcrumb":{"@id":"https:\/\/logement.emploi-logement.com\/privacy-policy-2\/#breadcrumb"},"inLanguage":"en-GB","potentialAction":[{"@type":"ReadAction","target":["https:\/\/logement.emploi-logement.com\/privacy-policy-2\/"]}]},{"@type":"BreadcrumbList","@id":"https:\/\/logement.emploi-logement.com\/privacy-policy-2\/#breadcrumb","itemListElement":[{"@type":"ListItem","position":1,"name":"Accueil","item":"https:\/\/logement.emploi-logement.com\/"},{"@type":"ListItem","position":2,"name":"Politique de confidentialit\u00e9"}]},{"@type":"WebSite","@id":"https:\/\/logement.emploi-logement.com\/#website","url":"https:\/\/logement.emploi-logement.com\/","name":"Un logement, un emploi et une formation en une seule fois","description":"Trouvez votre logement","potentialAction":[{"@type":"SearchAction","target":{"@type":"EntryPoint","urlTemplate":"https:\/\/logement.emploi-logement.com\/?s={search_term_string}"},"query-input":"required name=search_term_string"}],"inLanguage":"en-GB"}]}},"_links":{"self":[{"href":"https:\/\/logement.emploi-logement.com\/en\/wp-json\/wp\/v2\/pages\/1654"}],"collection":[{"href":"https:\/\/logement.emploi-logement.com\/en\/wp-json\/wp\/v2\/pages"}],"about":[{"href":"https:\/\/logement.emploi-logement.com\/en\/wp-json\/wp\/v2\/types\/page"}],"author":[{"embeddable":true,"href":"https:\/\/logement.emploi-logement.com\/en\/wp-json\/wp\/v2\/users\/4"}],"replies":[{"embeddable":true,"href":"https:\/\/logement.emploi-logement.com\/en\/wp-json\/wp\/v2\/comments?post=1654"}],"version-history":[{"count":2,"href":"https:\/\/logement.emploi-logement.com\/en\/wp-json\/wp\/v2\/pages\/1654\/revisions"}],"predecessor-version":[{"id":1773,"href":"https:\/\/logement.emploi-logement.com\/en\/wp-json\/wp\/v2\/pages\/1654\/revisions\/1773"}],"wp:attachment":[{"href":"https:\/\/logement.emploi-logement.com\/en\/wp-json\/wp\/v2\/media?parent=1654"}],"curies":[{"name":"wp","href":"https:\/\/api.w.org\/{rel}","templated":true}]}}